{"id":7,"date":"2024-04-02T17:49:42","date_gmt":"2024-04-02T15:49:42","guid":{"rendered":"https:\/\/lartalr.cluster030.hosting.ovh.net\/?page_id=7"},"modified":"2024-05-13T22:59:46","modified_gmt":"2024-05-13T20:59:46","slug":"a-propos-de","status":"publish","type":"page","link":"https:\/\/www.lartalaperriere.com\/index.php\/a-propos-de\/","title":{"rendered":"L&rsquo;association"},"content":{"rendered":"\n<p>Plus de 25 ans, d\u00e9j\u00e0, que le village de&nbsp;La Perri\u00e8re&nbsp;accueille ce festival !<\/p>\n\n\n\n<p>En 2023, ce sont&nbsp;12.000 visiteurs&nbsp;qui ont d\u00e9ambul\u00e9 dans les ruelles du village au cours du week-end de La Pentec\u00f4te pour d\u00e9couvrir le travail de&nbsp;80 artistes.<\/p>\n\n\n\n<p>&nbsp;<br>Organis\u00e9e par l&rsquo;association L&rsquo;Art \u00e0 La Perri\u00e8re,&nbsp;<\/p>\n\n\n\n<p>L&rsquo;\u00e9dition 2024 aura lieu les 18, 19 &amp; 20 mai prochains.&nbsp;<\/p>\n\n\n\n<p>Gr\u00e2ce \u00e0 la complicit\u00e9 des habitants et commer\u00e7ants, des peintres, sculpteurs, plasticiens et photographes de talent pourront \u00e0 nouveau investir maisons et jardins de ce village class\u00e9 \u00ab\u00a0Petite Cit\u00e9 de caract\u00e8re\u00a0\u00bb.<\/p>\n\n\n\n<p>Pour la premi\u00e8re fois, un parcours de sculptures sera \u00e9galement mis en place; il se prolongera jusqu&rsquo;aux Journ\u00e9es du Patrimoine des 21 et 22 septembre 2024. \u00c0 cette occasion, les enfants des \u00e9coles r\u00e9aliseront une \u0153uvre collective.<\/p>\n\n\n\n<p>Comme chaque ann\u00e9e, le dessin de l&rsquo;affiche sera r\u00e9alis\u00e9e par un artiste de renom : pour succ\u00e9der aux g\u00e9n\u00e9reuses contributions de Sergue\u00ef, dessinateur du journal&nbsp;Le Monde, et de Pablo Raison, cartographe et auteur du livre&nbsp;La France Illustr\u00e9e, il s&rsquo;agit de l&rsquo;incomparable \u00ab\u00a0peintre autoportraitiste\u00a0\u00bb, Arthur Yamniak&#8230;<\/p>\n\n\n\n<p>Rappelons que le but de ce festival est de valoriser \u00e0 la fois les \u0153uvres d&rsquo;artistes contemporains et le patrimoine architectural de ce \u00ab\u00a0village mill\u00e9naire\u00a0\u00bb du Perche.<\/p>\n\n\n\n<p><strong>Les membres du bureau<\/strong><br><strong>&#8211; Pr\u00e9sident :<\/strong> Pierre Fontaine<br><strong>&#8211; Vice pr\u00e9sident : <\/strong>Julien Cendres<br>&#8211;<strong> Tr\u00e9sori\u00e8re :<\/strong> Hermine de Castro<br>&#8211;<strong> Secr\u00e9taire artistique :<\/strong> Elise Steiner<br><strong>&#8211; Secr\u00e9taire administratif : <\/strong>Antoine Fourment<\/p>\n","protected":false},"excerpt":{"rendered":"<p>Plus de 25 ans, d\u00e9j\u00e0, que le village de&nbsp;La Perri\u00e8re&nbsp;accueille ce festival ! En 2023, ce sont&nbsp;12.000 visiteurs&nbsp;qui ont d\u00e9ambul\u00e9 dans les ruelles du village au cours du week-end de La Pentec\u00f4te pour d\u00e9couvrir le travail de&nbsp;80 artistes. &nbsp;Organis\u00e9e par l&rsquo;association L&rsquo;Art \u00e0 La Perri\u00e8re,&nbsp; L&rsquo;\u00e9dition 2024 aura lieu les 18, 19 &amp; 20 mai [&hellip;]<\/p>\n","protected":false},"author":1,"featured_media":254,"parent":0,"menu_order":0,"comment_status":"closed","ping_status":"closed","template":"page-wide","meta":{"ngg_post_thumbnail":0,"footnotes":""},"class_list":["post-7","page","type-page","status-publish","has-post-thumbnail","hentry"],"_links":{"self":[{"href":"https:\/\/www.lartalaperriere.com\/index.php\/wp-json\/wp\/v2\/pages\/7","targetHints":{"allow":["GET"]}}],"collection":[{"href":"https:\/\/www.lartalaperriere.com\/index.php\/wp-json\/wp\/v2\/pages"}],"about":[{"href":"https:\/\/www.lartalaperriere.com\/index.php\/wp-json\/wp\/v2\/types\/page"}],"author":[{"embeddable":true,"href":"https:\/\/www.lartalaperriere.com\/index.php\/wp-json\/wp\/v2\/users\/1"}],"replies":[{"embeddable":true,"href":"https:\/\/www.lartalaperriere.com\/index.php\/wp-json\/wp\/v2\/comments?post=7"}],"version-history":[{"count":8,"href":"https:\/\/www.lartalaperriere.com\/index.php\/wp-json\/wp\/v2\/pages\/7\/revisions"}],"predecessor-version":[{"id":736,"href":"https:\/\/www.lartalaperriere.com\/index.php\/wp-json\/wp\/v2\/pages\/7\/revisions\/736"}],"wp:featuredmedia":[{"embeddable":true,"href":"https:\/\/www.lartalaperriere.com\/index.php\/wp-json\/wp\/v2\/media\/254"}],"wp:attachment":[{"href":"https:\/\/www.lartalaperriere.com\/index.php\/wp-json\/wp\/v2\/media?parent=7"}],"curies":[{"name":"wp","href":"https:\/\/api.w.org\/{rel}","templated":true}]}}